{"id":3277,"date":"2025-01-28T17:46:54","date_gmt":"2025-01-28T16:46:54","guid":{"rendered":"https:\/\/www.motosprievodca.sk\/kniha\/najkrajsie-motorkarske-trasy-v-alpach-copy\/"},"modified":"2025-12-14T21:47:49","modified_gmt":"2025-12-14T20:47:49","slug":"europou-na-motorke","status":"publish","type":"product","link":"https:\/\/www.motosprievodca.sk\/cs\/produkt\/europou-na-motorke\/","title":{"rendered":"Eur\u00f3pou na motorke"},"content":{"rendered":"<h2>Eur\u00f3pou na motorke &#8211; 25 naj\u00fa\u017easnej\u0161\u00edch v\u00fdletov<\/h2>\n<p>Objavte 25 legend\u00e1rnych motork\u00e1rskych tr\u00e1s naprie\u010d Eur\u00f3pou, \u0160kandin\u00e1viou, Ve\u013ekou Brit\u00e1niou a \u00cdrskom s knihou \u201cEur\u00f3pou na motorke \u2013 25 naj\u00fa\u017easnej\u0161\u00edch v\u00fdletov\u201d od Colette Coleman. T\u00e1to jedine\u010dn\u00e1 publik\u00e1cia je bohato ilustrovan\u00e1 farebn\u00fdmi fotografiami a obsahuje \u0161peci\u00e1lne vytvoren\u00e9 mapy pre ka\u017ed\u00fa trasu. N\u00e1jdete v nej detailn\u00e9 popisy ciest, doplnen\u00e9 o geografick\u00e9 a kult\u00farne inform\u00e1cie, ktor\u00e9 ocenia nielen pr\u00edle\u017eitostn\u00ed jazdci, ale aj sk\u00fasen\u00ed motork\u00e1ri pl\u00e1nuj\u00faci svoje dobrodru\u017estv\u00e1 s maxim\u00e1lnou prec\u00edznos\u0165ou. Nechajte sa in\u0161pirova\u0165 a vydajte sa na nezabudnute\u013en\u00e9 cesty po najkraj\u0161\u00edch regi\u00f3noch Eur\u00f3py.<\/p>\n<h3>Kniha obsahuje:<\/h3>\n<ul>\n<li>25 legend\u00e1rnych tr\u00e1s na motorke<\/li>\n<li>Zah\u0155\u0148a krajiny od Islandu, cez Ve\u013ek\u00fa Brit\u00e1niu, N\u00f3rsko, \u0160panielsko, Alpy a\u017e po Turecko<\/li>\n<li>Itiner\u00e1r cesty s mapou<\/li>\n<li>Tipy a zauj\u00edmavosti na trase<\/li>\n<li>Fotografie popul\u00e1rnych miest<\/li>\n<\/ul>\n<p>Form\u00e1t 250\u00a0x 290\u00a0mm v tvrdej v\u00e4zbe, 224 str\u00e1n<\/p>\n<p><img loading=\"lazy\" decoding=\"async\" class=\"size-full wp-image-3279 aligncenter\" src=\"https:\/\/www.motosprievodca.sk\/wp-content\/uploads\/europou-na-motorke-02.png\" alt=\"Europou na motorke kniha\" width=\"1024\" height=\"768\" \/><\/p>\n<p><img loading=\"lazy\" decoding=\"async\" class=\"size-full wp-image-3280 aligncenter\" src=\"https:\/\/www.motosprievodca.sk\/wp-content\/uploads\/europou-na-motorke-03.png\" alt=\"Europou na motorke kniha\" width=\"1024\" height=\"768\" \/><\/p>\n<p><img loading=\"lazy\" decoding=\"async\" class=\"size-full wp-image-3281 aligncenter\" src=\"https:\/\/www.motosprievodca.sk\/wp-content\/uploads\/europou-na-motorke-04.png\" alt=\"Europou na motorke kniha\" width=\"1024\" height=\"768\" \/><\/p>\n<p><img loading=\"lazy\" decoding=\"async\" class=\"size-full wp-image-3282 aligncenter\" src=\"https:\/\/www.motosprievodca.sk\/wp-content\/uploads\/europou-na-motorke-05.png\" alt=\"Europou na motorke kniha\" width=\"1024\" height=\"768\" \/><\/p>\n<p>&nbsp;<\/p>\n<p>&nbsp;<\/p>\n<p>&nbsp;<\/p>\n<p>&nbsp;<\/p>\n<p>&nbsp;<\/p>\n<p>&nbsp;<\/p>\n<p>&nbsp;<\/p>\n","protected":false},"excerpt":{"rendered":"<p>Objavte 25 legend\u00e1rnych motork\u00e1rskych tr\u00e1s naprie\u010d Eur\u00f3pou, \u0160kandin\u00e1viou, Ve\u013ekou Brit\u00e1niou a \u00cdrskom s knihou \u201cEur\u00f3pou na motorke \u2013 25 naj\u00fa\u017easnej\u0161\u00edch v\u00fdletov\u201d od Colette Coleman.<\/p>\n","protected":false},"featured_media":3283,"template":"","meta":[],"product_brand":[],"product_cat":[18],"product_tag":[31],"class_list":{"0":"post-3277","1":"product","2":"type-product","3":"status-publish","4":"has-post-thumbnail","6":"product_cat-kniha","7":"product_tag-novinka","8":"has-post-title","9":"has-post-date","10":"has-post-category","11":"has-post-tag","12":"has-post-comment","13":"has-post-author","14":"","16":"first","17":"instock","18":"taxable","19":"shipping-taxable","20":"purchasable","21":"product-type-simple"},"builder_content":"","_links":{"self":[{"href":"https:\/\/www.motosprievodca.sk\/cs\/wp-json\/wp\/v2\/product\/3277","targetHints":{"allow":["GET"]}}],"collection":[{"href":"https:\/\/www.motosprievodca.sk\/cs\/wp-json\/wp\/v2\/product"}],"about":[{"href":"https:\/\/www.motosprievodca.sk\/cs\/wp-json\/wp\/v2\/types\/product"}],"wp:featuredmedia":[{"embeddable":true,"href":"https:\/\/www.motosprievodca.sk\/cs\/wp-json\/wp\/v2\/media\/3283"}],"wp:attachment":[{"href":"https:\/\/www.motosprievodca.sk\/cs\/wp-json\/wp\/v2\/media?parent=3277"}],"wp:term":[{"taxonomy":"product_brand","embeddable":true,"href":"https:\/\/www.motosprievodca.sk\/cs\/wp-json\/wp\/v2\/product_brand?post=3277"},{"taxonomy":"product_cat","embeddable":true,"href":"https:\/\/www.motosprievodca.sk\/cs\/wp-json\/wp\/v2\/product_cat?post=3277"},{"taxonomy":"product_tag","embeddable":true,"href":"https:\/\/www.motosprievodca.sk\/cs\/wp-json\/wp\/v2\/product_tag?post=3277"}],"curies":[{"name":"wp","href":"https:\/\/api.w.org\/{rel}","templated":true}]}}