{"id":3271,"date":"2025-01-28T17:17:43","date_gmt":"2025-01-28T16:17:43","guid":{"rendered":"https:\/\/www.motosprievodca.sk\/kniha\/najkrajsie-motorkarske-trasy-v-europe-copy\/"},"modified":"2025-11-03T08:50:53","modified_gmt":"2025-11-03T07:50:53","slug":"najkrajsie-moto-trasy-alpy","status":"publish","type":"product","link":"https:\/\/www.motosprievodca.sk\/cs\/produkt\/najkrajsie-moto-trasy-alpy\/","title":{"rendered":"Najkraj\u0161ie motork\u00e1rske trasy v Alp\u00e1ch"},"content":{"rendered":"<h2>Naj\u00fachvatnej\u0161ie mototrasy v Alp\u00e1ch<\/h2>\n<p>Objavte najkraj\u0161ie motork\u00e1rske trasy v Alp\u00e1ch s t\u00fdmto motosprievodcom, ktor\u00fd v\u00e1s prevedie 32 starostlivo zmapovan\u00fdmi cestami naprie\u010d Nemeckom, Rak\u00faskom, \u0160vaj\u010diarskom, Franc\u00fazskom, Talianskom a Slovinskom. \u010ci u\u017e t\u00fa\u017eite zdola\u0165 vysokohorsk\u00e9 priesmyky alebo si vychutna\u0165 slne\u010dn\u00e9 ju\u017en\u00e9 svahy, t\u00e1to kniha pon\u00faka detailn\u00e9 popisy tr\u00e1s, tipy na ubytovanie a k\u013e\u00fa\u010dov\u00e9 GPS s\u00faradnice pre bezprobl\u00e9mov\u00fa navig\u00e1ciu. Nechajte sa vies\u0165 od horsk\u00fdch vrcholov a\u017e k brehom Stredozemn\u00e9ho mora a za\u017eite nezabudnute\u013en\u00e9 alpsk\u00e9 scen\u00e9rie na dvoch koles\u00e1ch.<\/p>\n<p>Vydajte sa na cestu a objavte kr\u00e1sy \u00c1lp s touto jedine\u010dnou pr\u00edru\u010dkou pre motork\u00e1rov.<\/p>\n<h3>Kniha obsahuje:<\/h3>\n<ul>\n<li>Mapy a GPS s\u00faradnice<\/li>\n<li>Tipy na ubytovanie<\/li>\n<li>Turistick\u00e9 zauj\u00edmavosti<\/li>\n<li>Zmapovan\u00fdch 6 kraj\u00edn<\/li>\n<li>Fotografie popul\u00e1rnych miest<\/li>\n<\/ul>\n<p>Form\u00e1t 185 x 265 mm, 328\u00a0str\u00e1n<\/p>\n<p>&nbsp;<\/p>\n<p><img loading=\"lazy\" decoding=\"async\" class=\"aligncenter wp-image-3273 size-medium\" src=\"https:\/\/www.motosprievodca.sk\/wp-content\/uploads\/6739-1_6811-nejkrasnejsi-motorkarske-trasy-v-alpach-1-600x450.webp\" alt=\"Najkraj\u0161ie trasy pre motork\u00e1rov v Alp\u00e1ch\" width=\"600\" height=\"450\" srcset=\"https:\/\/www.motosprievodca.sk\/wp-content\/uploads\/6739-1_6811-nejkrasnejsi-motorkarske-trasy-v-alpach-1-600x450.webp 600w, https:\/\/www.motosprievodca.sk\/wp-content\/uploads\/6739-1_6811-nejkrasnejsi-motorkarske-trasy-v-alpach-1-768x576.webp 768w, https:\/\/www.motosprievodca.sk\/wp-content\/uploads\/6739-1_6811-nejkrasnejsi-motorkarske-trasy-v-alpach-1.webp 1024w\" sizes=\"auto, (max-width: 600px) 100vw, 600px\" \/><\/p>\n<p><img loading=\"lazy\" decoding=\"async\" class=\"aligncenter wp-image-3274 size-medium\" src=\"https:\/\/www.motosprievodca.sk\/wp-content\/uploads\/6739-2_6811-nejkrasnejsi-motorkarske-trasy-v-alpach-2-600x450.webp\" alt=\"Najkraj\u0161ie trasy pre motork\u00e1rov v Alp\u00e1ch\" width=\"600\" height=\"450\" srcset=\"https:\/\/www.motosprievodca.sk\/wp-content\/uploads\/6739-2_6811-nejkrasnejsi-motorkarske-trasy-v-alpach-2-600x450.webp 600w, https:\/\/www.motosprievodca.sk\/wp-content\/uploads\/6739-2_6811-nejkrasnejsi-motorkarske-trasy-v-alpach-2-768x576.webp 768w, https:\/\/www.motosprievodca.sk\/wp-content\/uploads\/6739-2_6811-nejkrasnejsi-motorkarske-trasy-v-alpach-2.webp 1024w\" sizes=\"auto, (max-width: 600px) 100vw, 600px\" \/><\/p>\n<p><img loading=\"lazy\" decoding=\"async\" class=\"size-medium wp-image-3275 aligncenter\" src=\"https:\/\/www.motosprievodca.sk\/wp-content\/uploads\/6739-7_6811-nejkrasnejsi-motorkarske-trasy-v-alpach-7-600x450.webp\" alt=\"Najkraj\u0161ie trasy pre motork\u00e1rov v Alp\u00e1ch\" width=\"600\" height=\"450\" srcset=\"https:\/\/www.motosprievodca.sk\/wp-content\/uploads\/6739-7_6811-nejkrasnejsi-motorkarske-trasy-v-alpach-7-600x450.webp 600w, https:\/\/www.motosprievodca.sk\/wp-content\/uploads\/6739-7_6811-nejkrasnejsi-motorkarske-trasy-v-alpach-7-768x576.webp 768w, https:\/\/www.motosprievodca.sk\/wp-content\/uploads\/6739-7_6811-nejkrasnejsi-motorkarske-trasy-v-alpach-7.webp 1024w\" sizes=\"auto, (max-width: 600px) 100vw, 600px\" \/><\/p>\n<p>&nbsp;<\/p>\n<p>&nbsp;<\/p>\n<p>&nbsp;<\/p>\n<p>&nbsp;<\/p>\n","protected":false},"excerpt":{"rendered":"<p>Kniha obsahuje 328 str\u00e1n pln\u00fdch u\u017eito\u010dn\u00fdch turistick\u00fdch inform\u00e1ci\u00ed a n\u00e1dhern\u00fdch fotografi\u00ed, ktor\u00e9 v\u00e1s in\u0161piruj\u00fa k \u010fal\u0161iemu moto v\u00fdletu. Je ide\u00e1lnym pomocn\u00edk pri pl\u00e1novan\u00ed va\u0161ej \u010fal\u0161ej dovolenke na motocykli. Vhodn\u00e9 pre ka\u017ed\u00e9ho motork\u00e1ra, ktor\u00fd chce objavova\u0165 alpsk\u00e9 cesty a za\u017ei\u0165 adrenal\u00edn na najkraj\u0161\u00edch tras\u00e1ch Eur\u00f3py.<\/p>\n","protected":false},"featured_media":3276,"template":"","meta":[],"product_brand":[],"product_cat":[18],"product_tag":[31],"class_list":{"0":"post-3271","1":"product","2":"type-product","3":"status-publish","4":"has-post-thumbnail","6":"product_cat-kniha","7":"product_tag-novinka","8":"has-post-title","9":"has-post-date","10":"has-post-category","11":"has-post-tag","12":"has-post-comment","13":"has-post-author","14":"","16":"first","17":"instock","18":"taxable","19":"shipping-taxable","20":"purchasable","21":"product-type-simple"},"builder_content":"","_links":{"self":[{"href":"https:\/\/www.motosprievodca.sk\/cs\/wp-json\/wp\/v2\/product\/3271","targetHints":{"allow":["GET"]}}],"collection":[{"href":"https:\/\/www.motosprievodca.sk\/cs\/wp-json\/wp\/v2\/product"}],"about":[{"href":"https:\/\/www.motosprievodca.sk\/cs\/wp-json\/wp\/v2\/types\/product"}],"wp:featuredmedia":[{"embeddable":true,"href":"https:\/\/www.motosprievodca.sk\/cs\/wp-json\/wp\/v2\/media\/3276"}],"wp:attachment":[{"href":"https:\/\/www.motosprievodca.sk\/cs\/wp-json\/wp\/v2\/media?parent=3271"}],"wp:term":[{"taxonomy":"product_brand","embeddable":true,"href":"https:\/\/www.motosprievodca.sk\/cs\/wp-json\/wp\/v2\/product_brand?post=3271"},{"taxonomy":"product_cat","embeddable":true,"href":"https:\/\/www.motosprievodca.sk\/cs\/wp-json\/wp\/v2\/product_cat?post=3271"},{"taxonomy":"product_tag","embeddable":true,"href":"https:\/\/www.motosprievodca.sk\/cs\/wp-json\/wp\/v2\/product_tag?post=3271"}],"curies":[{"name":"wp","href":"https:\/\/api.w.org\/{rel}","templated":true}]}}