{"id":3071,"date":"2024-11-28T12:13:12","date_gmt":"2024-11-28T11:13:12","guid":{"rendered":"https:\/\/www.motosprievodca.sk\/?post_type=product&#038;p=3071"},"modified":"2025-11-01T22:46:27","modified_gmt":"2025-11-01T21:46:27","slug":"odolna-mapa","status":"publish","type":"product","link":"https:\/\/www.motosprievodca.sk\/cs\/produkt\/odolna-mapa\/","title":{"rendered":"Odoln\u00e9 moto mapy kraj\u00edn"},"content":{"rendered":"<p>Odoln\u00e9 mapy od zna\u010dky Reise Know-How s\u00fa ide\u00e1lnym spolo\u010dn\u00edkom pre v\u0161etk\u00fdch moto cestovate\u013eov, ktor\u00ed vy\u017eaduj\u00fa vysok\u00fa kvalitu a spo\u013eahlivos\u0165. Tieto pr\u00e9miov\u00e9 mapy s\u00fa vodeodoln\u00e9, odoln\u00e9 vo\u010di roztrhnutiu a prisp\u00f4soben\u00e9 n\u00e1ro\u010dn\u00fdm podmienkam, \u010di u\u017e pri turistike, cykloturistike, alebo pri cestovan\u00ed motorkou.<\/p>\n<p>V\u010faka \u0161peci\u00e1lnemu materi\u00e1lu sa nepo\u0161kodia ani v da\u017edivom po\u010das\u00ed, \u013eahko sa skladaj\u00fa a s\u00fa navrhnut\u00e9 tak, aby vydr\u017eali dlhodob\u00e9 pou\u017e\u00edvanie na motocykli alebo v tankvaku. Reise Know-How pon\u00faka podrobn\u00e9 geografick\u00e9 \u00fadaje, preh\u013eadn\u00e9 zna\u010denie a aktu\u00e1lne inform\u00e1cie, ktor\u00e9 v\u00e1m u\u013eah\u010dia pl\u00e1novanie va\u0161ich ciest.<\/p>\n","protected":false},"excerpt":{"rendered":"<p>Odoln\u00e9 mapy cesl\u00e9ho sveta od nemeck\u00e9ho v\u00fdrobcu Reise Know-How, ktor\u00e9 s\u00fa tla\u010den\u00e9 na \u0161pecialny materi\u00e1l PolyArt, ktor\u00fd je odoln\u00fd roztrhnutiu a vode. M\u00f4\u017eete do mapy p\u00edsa\u0165 zv\u00fdraz\u0148ova\u010dom a nesk\u00f4r iba zotrie\u0165.<\/p>\n<p>Ide\u00e1lne pre pl\u00e1novanie moto v\u00fdletu alebo moto dovolenky. M\u00f4\u017eete pou\u017e\u00edva\u0165 v tankvaku alebo aj na priamom da\u017edi.<\/p>\n<p>Navig\u00e1cia v\u00e1m uk\u00e1\u017ee presn\u00e9 odbo\u010dky, ale na pl\u00e1novanie celej trasy je st\u00e1le tla\u010den\u00e1 mapa ide\u00e1lna vo\u013eba.<\/p>\n","protected":false},"featured_media":3097,"template":"","meta":[],"product_brand":[],"product_cat":[18],"product_tag":[31],"class_list":{"0":"post-3071","1":"product","2":"type-product","3":"status-publish","4":"has-post-thumbnail","6":"product_cat-kniha","7":"product_tag-novinka","8":"has-post-title","9":"has-post-date","10":"has-post-category","11":"has-post-tag","12":"has-post-comment","13":"has-post-author","14":"","16":"first","17":"instock","18":"taxable","19":"shipping-taxable","20":"purchasable","21":"product-type-variable"},"builder_content":"","_links":{"self":[{"href":"https:\/\/www.motosprievodca.sk\/cs\/wp-json\/wp\/v2\/product\/3071","targetHints":{"allow":["GET"]}}],"collection":[{"href":"https:\/\/www.motosprievodca.sk\/cs\/wp-json\/wp\/v2\/product"}],"about":[{"href":"https:\/\/www.motosprievodca.sk\/cs\/wp-json\/wp\/v2\/types\/product"}],"wp:featuredmedia":[{"embeddable":true,"href":"https:\/\/www.motosprievodca.sk\/cs\/wp-json\/wp\/v2\/media\/3097"}],"wp:attachment":[{"href":"https:\/\/www.motosprievodca.sk\/cs\/wp-json\/wp\/v2\/media?parent=3071"}],"wp:term":[{"taxonomy":"product_brand","embeddable":true,"href":"https:\/\/www.motosprievodca.sk\/cs\/wp-json\/wp\/v2\/product_brand?post=3071"},{"taxonomy":"product_cat","embeddable":true,"href":"https:\/\/www.motosprievodca.sk\/cs\/wp-json\/wp\/v2\/product_cat?post=3071"},{"taxonomy":"product_tag","embeddable":true,"href":"https:\/\/www.motosprievodca.sk\/cs\/wp-json\/wp\/v2\/product_tag?post=3071"}],"curies":[{"name":"wp","href":"https:\/\/api.w.org\/{rel}","templated":true}]}}