{"id":2902,"date":"2024-04-24T11:46:51","date_gmt":"2024-04-24T09:46:51","guid":{"rendered":"https:\/\/www.motosprievodca.sk\/?post_type=product&#038;p=2902"},"modified":"2026-03-16T06:47:20","modified_gmt":"2026-03-16T05:47:20","slug":"hory-zatacky","status":"publish","type":"product","link":"https:\/\/www.motosprievodca.sk\/cs\/produkt\/hory-zatacky\/","title":{"rendered":"Hory a z\u00e1ta\u010dky (Alpy &#8211; Rak\u00fasko, Slovinsko a Taliansko)"},"content":{"rendered":"<p>Kniha obsahuje 56\u00a0motork\u00e1rskych tr\u00e1s a zah\u0155\u0148a oblasti Rak\u00faska, Slovinska a severn\u00e9\u00a0Taliansko.<\/p>\n<p>Form\u00e1t A5, 184 str\u00e1n<\/p>\n<p>&nbsp;<\/p>\n<p><img loading=\"lazy\" decoding=\"async\" class=\"aligncenter wp-image-2905\" src=\"https:\/\/www.motosprievodca.sk\/wp-content\/uploads\/Hory-a-Zatacky-2024-01.jpg\" alt=\"moto kniha hory a zatacky\" width=\"800\" height=\"579\" \/><\/p>\n<p><img loading=\"lazy\" decoding=\"async\" class=\"aligncenter wp-image-2906\" src=\"https:\/\/www.motosprievodca.sk\/wp-content\/uploads\/Hory-a-Zatacky-2024-ukazky.jpg\" alt=\"kniha petr fric hory a zatacky\" width=\"1000\" height=\"724\" \/><\/p>\n","protected":false},"excerpt":{"rendered":"<p>Najnov\u0161ie vydanie motosprievodcu Hory &amp; Z\u00e1ta\u010dky sa zameriava na Rak\u00fasko, Slovinsko a severn\u00e9 Taliansko od nad\u0161en\u00e9ho motork\u00e1ra a autora Petra Fri\u010da.<\/p>\n<p>Ide o posledn\u00fa knihu autora, kde sa vracia ku kore\u0148om a teda k oblastiam, ktor\u00e9 s\u00fa n\u00e1m geograficky a historicky najbli\u017e\u0161ie.<\/p>\n<p>V knihe je vybran\u00fdch 56\u00a0najkraj\u0161\u00edch, najzauj\u00edmavej\u0161\u00edch a v niektor\u00fdch pr\u00edpadoch m\u00e1lo zn\u00e1mych miest a ciest, ktor\u00e9 stoj\u00ed za to nav\u0161t\u00edvi\u0165.<\/p>\n","protected":false},"featured_media":2907,"template":"","meta":[],"product_brand":[],"product_cat":[18],"product_tag":[],"class_list":{"0":"post-2902","1":"product","2":"type-product","3":"status-publish","4":"has-post-thumbnail","6":"product_cat-kniha","7":"has-post-title","8":"has-post-date","9":"has-post-category","10":"has-post-tag","11":"has-post-comment","12":"has-post-author","13":"","15":"first","16":"instock","17":"taxable","18":"shipping-taxable","19":"purchasable","20":"product-type-simple"},"builder_content":"","_links":{"self":[{"href":"https:\/\/www.motosprievodca.sk\/cs\/wp-json\/wp\/v2\/product\/2902","targetHints":{"allow":["GET"]}}],"collection":[{"href":"https:\/\/www.motosprievodca.sk\/cs\/wp-json\/wp\/v2\/product"}],"about":[{"href":"https:\/\/www.motosprievodca.sk\/cs\/wp-json\/wp\/v2\/types\/product"}],"wp:featuredmedia":[{"embeddable":true,"href":"https:\/\/www.motosprievodca.sk\/cs\/wp-json\/wp\/v2\/media\/2907"}],"wp:attachment":[{"href":"https:\/\/www.motosprievodca.sk\/cs\/wp-json\/wp\/v2\/media?parent=2902"}],"wp:term":[{"taxonomy":"product_brand","embeddable":true,"href":"https:\/\/www.motosprievodca.sk\/cs\/wp-json\/wp\/v2\/product_brand?post=2902"},{"taxonomy":"product_cat","embeddable":true,"href":"https:\/\/www.motosprievodca.sk\/cs\/wp-json\/wp\/v2\/product_cat?post=2902"},{"taxonomy":"product_tag","embeddable":true,"href":"https:\/\/www.motosprievodca.sk\/cs\/wp-json\/wp\/v2\/product_tag?post=2902"}],"curies":[{"name":"wp","href":"https:\/\/api.w.org\/{rel}","templated":true}]}}