{"id":2179,"date":"2022-11-14T13:41:44","date_gmt":"2022-11-14T12:41:44","guid":{"rendered":"https:\/\/www.motosprievodca.sk\/?post_type=product&#038;p=2179"},"modified":"2026-04-01T20:41:08","modified_gmt":"2026-04-01T18:41:08","slug":"motoatlas-rumunsko","status":"publish","type":"product","link":"https:\/\/www.motosprievodca.sk\/cs\/produkt\/motoatlas-rumunsko\/","title":{"rendered":"Motoatlas Rumunsko"},"content":{"rendered":"<p>Motoatlas Rumunsko obsahuje zv\u00fdraznen\u00e9 cesty pre motork\u00e1rov, ktor\u00e9 s\u00fa po asfalte alebo nespevnen\u00e9.<\/p>\n<p>Odpor\u00fa\u010dan\u00e9 cesty cel\u00fdm Rumunskom po asfaltov\u00fdch (9.352 km) a nespevnen\u00fdch cest\u00e1ch (3.696 km). Vhodn\u00e9 pre pl\u00e1novanie dovolenky alebo pekn\u00e9ho motov\u00fdletu. Ak ste vyzn\u00e1va\u010d nespevnen\u00fdch ciest, tak obsahuje aj trasy na \u013eahk\u00fd ter\u00e9n, ktor\u00fd zvl\u00e1dnete aj na cestovnom endure.<\/p>\n<p>Obsahuje \u0161peci\u00e1lne lamin\u00e1tovan\u00e9 strany, ktor\u00e9 odolaj\u00fa aj da\u017e\u010fu. Svojim rozmerom (148x210mm) a kr\u00fa\u017ekovou v\u00e4zbou je ide\u00e1lny do tankvaku.<\/p>\n<p>Okrem ciest obsahuje aj odpor\u00fa\u010dan\u00e9 miesta, ktor\u00e9 by ste mali nav\u0161t\u00edvi\u0165 pri va\u0161ej ceste a pom\u00e1ha v\u00e1m s pl\u00e1novan\u00edm motov\u00fdletu.<\/p>\n","protected":false},"excerpt":{"rendered":"<p><b>K\u00fapou knihy cez n\u00e1\u0161 eshop, podpor\u00edte tvorbu novej knihy.<\/b><\/p>\n<p>Motoatlas Rumunsko je ur\u010den\u00fd pre motork\u00e1rov so zv\u00fdraznen\u00fdmi odpor\u00fa\u010dan\u00fdmi moto trasami (z\u00e1kruty, pekn\u00fd krajina, scen\u00e9rie).<\/p>\n<p>Obsahuje odpor\u00fa\u010dania na miesta, ktor\u00e9 treba nav\u0161t\u00edvi\u0165, ale aj n\u00e1vrhy na spevnen\u00e9 (9.352 km) a nespevnen\u00e9 cesty (3.696 km).<\/p>\n","protected":false},"featured_media":2180,"template":"","meta":[],"product_brand":[],"product_cat":[18],"product_tag":[],"class_list":{"0":"post-2179","1":"product","2":"type-product","3":"status-publish","4":"has-post-thumbnail","6":"product_cat-kniha","7":"has-post-title","8":"has-post-date","9":"has-post-category","10":"has-post-tag","11":"has-post-comment","12":"has-post-author","13":"","15":"first","16":"instock","17":"taxable","18":"shipping-taxable","19":"purchasable","20":"product-type-simple"},"builder_content":"","_links":{"self":[{"href":"https:\/\/www.motosprievodca.sk\/cs\/wp-json\/wp\/v2\/product\/2179","targetHints":{"allow":["GET"]}}],"collection":[{"href":"https:\/\/www.motosprievodca.sk\/cs\/wp-json\/wp\/v2\/product"}],"about":[{"href":"https:\/\/www.motosprievodca.sk\/cs\/wp-json\/wp\/v2\/types\/product"}],"wp:featuredmedia":[{"embeddable":true,"href":"https:\/\/www.motosprievodca.sk\/cs\/wp-json\/wp\/v2\/media\/2180"}],"wp:attachment":[{"href":"https:\/\/www.motosprievodca.sk\/cs\/wp-json\/wp\/v2\/media?parent=2179"}],"wp:term":[{"taxonomy":"product_brand","embeddable":true,"href":"https:\/\/www.motosprievodca.sk\/cs\/wp-json\/wp\/v2\/product_brand?post=2179"},{"taxonomy":"product_cat","embeddable":true,"href":"https:\/\/www.motosprievodca.sk\/cs\/wp-json\/wp\/v2\/product_cat?post=2179"},{"taxonomy":"product_tag","embeddable":true,"href":"https:\/\/www.motosprievodca.sk\/cs\/wp-json\/wp\/v2\/product_tag?post=2179"}],"curies":[{"name":"wp","href":"https:\/\/api.w.org\/{rel}","templated":true}]}}