{"id":2168,"date":"2024-07-17T12:38:29","date_gmt":"2024-07-17T10:38:29","guid":{"rendered":"https:\/\/www.motosprievodca.sk\/?post_type=product&#038;p=2168"},"modified":"2025-11-01T22:47:06","modified_gmt":"2025-11-01T21:47:06","slug":"motoatlas-cesko","status":"publish","type":"product","link":"https:\/\/www.motosprievodca.sk\/cs\/produkt\/motoatlas-cesko\/","title":{"rendered":"Motoatlas \u010cesk\u00e1 Republika"},"content":{"rendered":"<p>Motoatlas \u010cesk\u00e1 republika je ur\u010den\u00fd pre motork\u00e1rov so zv\u00fdraznen\u00fdmi odpor\u00fa\u010dan\u00fdmi moto trasami (z\u00e1kruty, pekn\u00fd krajina, scen\u00e9rie).<\/p>\n<p>Obsahuje 342 motork\u00e1rskych \u00fasekov, ktor\u00e9 s\u00fa vyzna\u010den\u00e9 zelenou \u010diarou na mape. Motoatlas \u010cesko v\u00e1m u\u013eah\u010d\u00ed pl\u00e1novanie dovolenky alebo aj v\u00fdletu s kamar\u00e1tmi.<\/p>\n<p><img loading=\"lazy\" decoding=\"async\" class=\"size-full wp-image-2988 aligncenter\" src=\"https:\/\/www.motosprievodca.sk\/wp-content\/uploads\/Motoatlas-Cesko3_a.jpeg\" alt=\"motoatlas \u010desko\" width=\"1000\" height=\"596\" \/><\/p>\n<p>Mapa je v mierke 1:200 000, \u010di\u017ee uvid\u00edte aj mal\u00e9 obce a ved\u013eaj\u0161ie cesty. Vhodn\u00e1 aj pre jazdu autom, ak d\u00e1vate prednos\u0165 z\u00e1\u017eitkov\u00fdm cest\u00e1m pred dia\u013enicou.<\/p>\n<p><img loading=\"lazy\" decoding=\"async\" class=\"size-full wp-image-2987 aligncenter\" src=\"https:\/\/www.motosprievodca.sk\/wp-content\/uploads\/Motoatlas-Cesko2_a.jpeg\" alt=\"motoatlas \u010desko\" width=\"1200\" height=\"850\" \/><\/p>\n<p>Strany s\u00fa \u0161peci\u00e1lne laminovan\u00e9, preto je odoln\u00fd vo\u010di da\u017e\u010fu. Svoj\u00edm rozmerom (148x210mm) a kr\u00fa\u017ekovou v\u00e4zbou sa vmes\u00ed aj do tankvaku.<\/p>\n<p><img loading=\"lazy\" decoding=\"async\" class=\"size-full wp-image-2986 aligncenter\" src=\"https:\/\/www.motosprievodca.sk\/wp-content\/uploads\/IMG_0068_web.jpeg\" alt=\"Motoatlas \u010ceskej Republiky\" width=\"1000\" height=\"750\" \/><\/p>\n","protected":false},"excerpt":{"rendered":"<p>Nov\u00e9, aktualizovan\u00e9 vydanie (3. vydanie &#8211; 2024)<\/p>\n<p>Motoatlas \u010cesk\u00e1 republika je ur\u010den\u00fd pre motork\u00e1rov so zv\u00fdraznen\u00fdmi odpor\u00fa\u010dan\u00fdmi moto trasami (z\u00e1kruty, pekn\u00fd krajina, scen\u00e9rie).<\/p>\n<p>Motoatlas obsahuje 342 motork\u00e1rsk\u00fdch \u00fasekov.<\/p>\n<p>Atlas je vyroben\u00fd na obojstranne laminovanom papieri, tak\u017ee odol\u00e1va da\u017e\u010fu, odstrekuj\u00face vode.<\/p>\n","protected":false},"featured_media":2991,"template":"","meta":[],"product_brand":[],"product_cat":[18],"product_tag":[],"class_list":{"0":"post-2168","1":"product","2":"type-product","3":"status-publish","4":"has-post-thumbnail","6":"product_cat-kniha","7":"has-post-title","8":"has-post-date","9":"has-post-category","10":"has-post-tag","11":"has-post-comment","12":"has-post-author","13":"","15":"first","16":"instock","17":"taxable","18":"shipping-taxable","19":"purchasable","20":"product-type-simple"},"builder_content":"","_links":{"self":[{"href":"https:\/\/www.motosprievodca.sk\/cs\/wp-json\/wp\/v2\/product\/2168","targetHints":{"allow":["GET"]}}],"collection":[{"href":"https:\/\/www.motosprievodca.sk\/cs\/wp-json\/wp\/v2\/product"}],"about":[{"href":"https:\/\/www.motosprievodca.sk\/cs\/wp-json\/wp\/v2\/types\/product"}],"wp:featuredmedia":[{"embeddable":true,"href":"https:\/\/www.motosprievodca.sk\/cs\/wp-json\/wp\/v2\/media\/2991"}],"wp:attachment":[{"href":"https:\/\/www.motosprievodca.sk\/cs\/wp-json\/wp\/v2\/media?parent=2168"}],"wp:term":[{"taxonomy":"product_brand","embeddable":true,"href":"https:\/\/www.motosprievodca.sk\/cs\/wp-json\/wp\/v2\/product_brand?post=2168"},{"taxonomy":"product_cat","embeddable":true,"href":"https:\/\/www.motosprievodca.sk\/cs\/wp-json\/wp\/v2\/product_cat?post=2168"},{"taxonomy":"product_tag","embeddable":true,"href":"https:\/\/www.motosprievodca.sk\/cs\/wp-json\/wp\/v2\/product_tag?post=2168"}],"curies":[{"name":"wp","href":"https:\/\/api.w.org\/{rel}","templated":true}]}}